{"id":33825,"date":"2025-05-28T11:41:38","date_gmt":"2025-05-28T11:41:38","guid":{"rendered":"https:\/\/www.ivh9.si\/Ponudbe\/zerak\/kontakti-copy\/"},"modified":"2025-10-17T10:06:45","modified_gmt":"2025-10-17T10:06:45","slug":"datenschutz","status":"publish","type":"page","link":"https:\/\/www.lotus-log.at\/en\/datenschutz\/","title":{"rendered":"Privacy Policy"},"content":{"rendered":"<div data-elementor-type=\"wp-page\" data-elementor-id=\"33825\" class=\"elementor elementor-33825\" data-elementor-post-type=\"page\">\n\t\t\t\t<div class=\"elementor-element elementor-element-4f05e48 ignore-toc e-flex e-con-boxed e-con e-parent\" data-id=\"4f05e48\" data-element_type=\"container\" data-settings=\"{&quot;jet_parallax_layout_list&quot;:[{&quot;_id&quot;:&quot;f7d579b&quot;,&quot;jet_parallax_layout_image&quot;:{&quot;url&quot;:&quot;&quot;,&quot;id&quot;:&quot;&quot;,&quot;size&quot;:&quot;&quot;},&quot;jet_parallax_layout_image_tablet&quot;:{&quot;url&quot;:&quot;&quot;,&quot;id&quot;:&quot;&quot;,&quot;size&quot;:&quot;&quot;},&quot;jet_parallax_layout_image_mobile&quot;:{&quot;url&quot;:&quot;&quot;,&quot;id&quot;:&quot;&quot;,&quot;size&quot;:&quot;&quot;},&quot;jet_parallax_layout_speed&quot;:{&quot;unit&quot;:&quot;%&quot;,&quot;size&quot;:50,&quot;sizes&quot;:[]},&quot;jet_parallax_layout_type&quot;:&quot;scroll&quot;,&quot;jet_parallax_layout_direction&quot;:null,&quot;jet_parallax_layout_fx_direction&quot;:null,&quot;jet_parallax_layout_z_index&quot;:&quot;&quot;,&quot;jet_parallax_layout_bg_x&quot;:50,&quot;jet_parallax_layout_bg_x_tablet&quot;:&quot;&quot;,&quot;jet_parallax_layout_bg_x_mobile&quot;:&quot;&quot;,&quot;jet_parallax_layout_bg_y&quot;:50,&quot;jet_parallax_layout_bg_y_tablet&quot;:&quot;&quot;,&quot;jet_parallax_layout_bg_y_mobile&quot;:&quot;&quot;,&quot;jet_parallax_layout_bg_size&quot;:&quot;auto&quot;,&quot;jet_parallax_layout_bg_size_tablet&quot;:&quot;&quot;,&quot;jet_parallax_layout_bg_size_mobile&quot;:&quot;&quot;,&quot;jet_parallax_layout_animation_prop&quot;:&quot;transform&quot;,&quot;jet_parallax_layout_on&quot;:[&quot;desktop&quot;,&quot;tablet&quot;]}]}\">\n\t\t\t\t\t<div class=\"e-con-inner\">\n\t\t<div class=\"elementor-element elementor-element-ec0883f e-con-full e-flex e-con e-child\" data-id=\"ec0883f\" data-element_type=\"container\" data-settings=\"{&quot;jet_parallax_layout_list&quot;:[]}\">\n\t\t<div class=\"elementor-element elementor-element-e359343 e-con-full e-flex e-con e-child\" data-id=\"e359343\" data-element_type=\"container\" data-settings=\"{&quot;jet_parallax_layout_list&quot;:[]}\">\n\t\t\t\t<div class=\"elementor-element elementor-element-60609ab elementor-widget__width-inherit elementor-widget elementor-widget-heading\" data-id=\"60609ab\" data-element_type=\"widget\" data-widget_type=\"heading.default\">\n\t\t\t\t<div class=\"elementor-widget-container\">\n\t\t\t<h1 class=\"elementor-heading-title elementor-size-default\">Privacy Policy<\/h1>\t\t<\/div>\n\t\t\t\t<\/div>\n\t\t\t\t<div class=\"elementor-element elementor-element-23c437f elementor-widget__width-inherit elementor-widget elementor-widget-heading\" data-id=\"23c437f\" data-element_type=\"widget\" data-widget_type=\"heading.default\">\n\t\t\t\t<div class=\"elementor-widget-container\">\n\t\t\t<h1 class=\"elementor-heading-title elementor-size-default\">Privacy Notice<\/h1>\t\t<\/div>\n\t\t\t\t<\/div>\n\t\t\t\t<div class=\"elementor-element elementor-element-d43e86a elementor-widget__width-inherit elementor-widget elementor-widget-text-editor\" data-id=\"d43e86a\" data-element_type=\"widget\" data-widget_type=\"text-editor.default\">\n\t\t\t\t<div class=\"elementor-widget-container\">\n\t\t\t\t\t\t\t<p>In this privacy notice, we inform you about the processing of your personal data in connection with the use of our website.<\/p>\t\t\t\t\t\t<\/div>\n\t\t\t\t<\/div>\n\t\t\t\t<div class=\"elementor-element elementor-element-6ab8a62 elementor-widget__width-inherit elementor-widget elementor-widget-heading\" data-id=\"6ab8a62\" data-element_type=\"widget\" data-widget_type=\"heading.default\">\n\t\t\t\t<div class=\"elementor-widget-container\">\n\t\t\t<h1 class=\"elementor-heading-title elementor-size-default\">Controller (Art. 4 (7) GDPR)<\/h1>\t\t<\/div>\n\t\t\t\t<\/div>\n\t\t\t\t<div class=\"elementor-element elementor-element-4330cfc elementor-widget__width-inherit elementor-widget elementor-widget-text-editor\" data-id=\"4330cfc\" data-element_type=\"widget\" data-widget_type=\"text-editor.default\">\n\t\t\t\t<div class=\"elementor-widget-container\">\n\t\t\t\t\t\t\t<p>The controller responsible for processing your personal data on this website is:<\/p>\t\t\t\t\t\t<\/div>\n\t\t\t\t<\/div>\n\t\t\t\t<div class=\"elementor-element elementor-element-3aaaa8a elementor-widget__width-inherit elementor-widget elementor-widget-heading\" data-id=\"3aaaa8a\" data-element_type=\"widget\" data-widget_type=\"heading.default\">\n\t\t\t\t<div class=\"elementor-widget-container\">\n\t\t\t<h1 class=\"elementor-heading-title elementor-size-default\">Lotus Logistik GmbH<\/h1>\t\t<\/div>\n\t\t\t\t<\/div>\n\t\t\t\t<div class=\"elementor-element elementor-element-f403665 elementor-widget__width-inherit elementor-icon-list--layout-traditional elementor-list-item-link-full_width elementor-widget elementor-widget-icon-list\" data-id=\"f403665\" data-element_type=\"widget\" data-widget_type=\"icon-list.default\">\n\t\t\t\t<div class=\"elementor-widget-container\">\n\t\t\t\t\t<ul class=\"elementor-icon-list-items\">\n\t\t\t\t\t\t\t<li class=\"elementor-icon-list-item\">\n\t\t\t\t\t\t\t\t\t\t<span class=\"elementor-icon-list-text\"><b>Firmensitz: <\/b>  Im Lagerfeld 11a, A-8430 Leibnitz<\/span>\n\t\t\t\t\t\t\t\t\t<\/li>\n\t\t\t\t\t\t\t\t<li class=\"elementor-icon-list-item\">\n\t\t\t\t\t\t\t\t\t\t<span class=\"elementor-icon-list-text\"><b>E-mail:<\/b> info@lotus-log.at<\/span>\n\t\t\t\t\t\t\t\t\t<\/li>\n\t\t\t\t\t\t\t\t<li class=\"elementor-icon-list-item\">\n\t\t\t\t\t\t\t\t\t\t<span class=\"elementor-icon-list-text\"><b>Tel:<\/b>+43 (0) 676 601 4752 <\/span>\n\t\t\t\t\t\t\t\t\t<\/li>\n\t\t\t\t\t\t<\/ul>\n\t\t\t\t<\/div>\n\t\t\t\t<\/div>\n\t\t\t\t<div class=\"elementor-element elementor-element-3b78670 elementor-widget__width-inherit elementor-widget elementor-widget-text-editor\" data-id=\"3b78670\" data-element_type=\"widget\" data-widget_type=\"text-editor.default\">\n\t\t\t\t<div class=\"elementor-widget-container\">\n\t\t\t\t\t\t\t<p>Wir nehmen den Schutz Ihrer pers\u00f6nlichen Daten sehr ernst. Wir behandeln Ihre personenbezogenen Daten vertraulich und entsprechend der gesetzlichen Datenschutzvorschriften sowie dieser Datenschutzerkl\u00e4rung.<\/p><p>Sollten Sie Fragen zu Schutz und Sicherheit Ihrer Daten haben oder Ihre Rechte und Anspr\u00fcche im Zusammenhang mit Datenschutz geltend machen wollen, wenden Sie sich bitte telefonisch oder per Mail an den oben genannten Kontakt.<\/p>\t\t\t\t\t\t<\/div>\n\t\t\t\t<\/div>\n\t\t\t\t<div class=\"elementor-element elementor-element-c5a73df elementor-widget__width-inherit elementor-widget elementor-widget-heading\" data-id=\"c5a73df\" data-element_type=\"widget\" data-widget_type=\"heading.default\">\n\t\t\t\t<div class=\"elementor-widget-container\">\n\t\t\t<h1 class=\"elementor-heading-title elementor-size-default\">Erhebung, Verarbeitung und Nutzung personenbezogener Daten<br>\nZugriffsdaten\/ Server-Logfiles<\/h1>\t\t<\/div>\n\t\t\t\t<\/div>\n\t\t\t\t<div class=\"elementor-element elementor-element-db234f2 elementor-widget__width-inherit elementor-widget elementor-widget-text-editor\" data-id=\"db234f2\" data-element_type=\"widget\" data-widget_type=\"text-editor.default\">\n\t\t\t\t<div class=\"elementor-widget-container\">\n\t\t\t\t\t\t\t<p>Wir erheben und speichern automatisch Informationen, die Ihr Browser an uns \u00fcbermittelt. Dies sind<\/p><ul class=\"wp-block-list\"><li>Browsertyp\/ -version,<\/li><li>das verwendete Betriebssystem,<\/li><li>Referrer URL (die zuvor besuchte Seite),<\/li><li>der Hostname des zugreifenden Rechners (IP Adresse),<\/li><li>die Uhrzeit der Serveranfrage,<\/li><li>die \u00fcbertragene Datenmenge und<\/li><li>die Meldung, ob der Abruf erfolgreich war.<\/li><\/ul><p>Die IP-Adressen der Nutzer werden nach Beendigung der Nutzung gel\u00f6scht oder anonymisiert. Bei einer Anonymisierung werden die IP-Adressen derart ge\u00e4ndert, dass die Einzelangaben \u00fcber pers\u00f6nliche oder sachliche Verh\u00e4ltnisse nicht mehr oder nur mit einem unverh\u00e4ltnism\u00e4\u00dfig gro\u00dfen Aufwand an Zeit, Kosten und Arbeitskraft einer bestimmten oder bestimmbaren nat\u00fcrlichen Person zugeordnet werden k\u00f6nnen. Die Daten in den sog. Logfiles werden von uns in anonymisierter Form ausgewertet, um die Website weiter zu verbessern und nutzerfreundlicher zu gestalten sowie Fehler schneller zu finden und zu beheben.\u00a0<\/p>\t\t\t\t\t\t<\/div>\n\t\t\t\t<\/div>\n\t\t\t\t<div class=\"elementor-element elementor-element-c38069d elementor-widget__width-inherit elementor-widget elementor-widget-heading\" data-id=\"c38069d\" data-element_type=\"widget\" data-widget_type=\"heading.default\">\n\t\t\t\t<div class=\"elementor-widget-container\">\n\t\t\t<h1 class=\"elementor-heading-title elementor-size-default\">Rechtsgrundlage<\/h1>\t\t<\/div>\n\t\t\t\t<\/div>\n\t\t\t\t<div class=\"elementor-element elementor-element-a0a4900 elementor-widget__width-inherit elementor-widget elementor-widget-text-editor\" data-id=\"a0a4900\" data-element_type=\"widget\" data-widget_type=\"text-editor.default\">\n\t\t\t\t<div class=\"elementor-widget-container\">\n\t\t\t\t\t\t\t<p>Rechtsgrundlage f\u00fcr die Verarbeitung der Daten ist gem. Art 6 Abs 1 lit f DSGVO das berechtigte Interesse.<\/p>\t\t\t\t\t\t<\/div>\n\t\t\t\t<\/div>\n\t\t\t\t<div class=\"elementor-element elementor-element-69761e1 elementor-widget__width-inherit elementor-widget elementor-widget-heading\" data-id=\"69761e1\" data-element_type=\"widget\" data-widget_type=\"heading.default\">\n\t\t\t\t<div class=\"elementor-widget-container\">\n\t\t\t<h1 class=\"elementor-heading-title elementor-size-default\">Kontaktformular<\/h1>\t\t<\/div>\n\t\t\t\t<\/div>\n\t\t\t\t<div class=\"elementor-element elementor-element-428aa63 elementor-widget__width-inherit elementor-widget elementor-widget-text-editor\" data-id=\"428aa63\" data-element_type=\"widget\" data-widget_type=\"text-editor.default\">\n\t\t\t\t<div class=\"elementor-widget-container\">\n\t\t\t\t\t\t\t<p>Das Kontaktformular auf unserer Webseite oder die Kontaktaufnahme per Mail an <a href=\"mailto:info@lotus-log.at\">info@lotus-log.at<\/a>\u00a0dient zur Kontaktaufnahme.<\/p>\t\t\t\t\t\t<\/div>\n\t\t\t\t<\/div>\n\t\t\t\t<div class=\"elementor-element elementor-element-5a88ea5 elementor-widget__width-inherit elementor-widget elementor-widget-heading\" data-id=\"5a88ea5\" data-element_type=\"widget\" data-widget_type=\"heading.default\">\n\t\t\t\t<div class=\"elementor-widget-container\">\n\t\t\t<h1 class=\"elementor-heading-title elementor-size-default\">Personenbezogene Daten<\/h1>\t\t<\/div>\n\t\t\t\t<\/div>\n\t\t\t\t<div class=\"elementor-element elementor-element-37c7987 elementor-widget__width-inherit elementor-widget elementor-widget-text-editor\" data-id=\"37c7987\" data-element_type=\"widget\" data-widget_type=\"text-editor.default\">\n\t\t\t\t<div class=\"elementor-widget-container\">\n\t\t\t\t\t\t\t<ul class=\"wp-block-list\"><li>Name (Pflichtfeld)<\/li><li>E-Mail (Pflichtfeld)<\/li><li>Betreff (Pflichtfeld)<\/li><li>Nachricht (Pflichtfeld)<\/li><\/ul>\t\t\t\t\t\t<\/div>\n\t\t\t\t<\/div>\n\t\t\t\t<div class=\"elementor-element elementor-element-714ce6f elementor-widget__width-inherit elementor-widget elementor-widget-heading\" data-id=\"714ce6f\" data-element_type=\"widget\" data-widget_type=\"heading.default\">\n\t\t\t\t<div class=\"elementor-widget-container\">\n\t\t\t<h1 class=\"elementor-heading-title elementor-size-default\">Zweck der Datenverarbeitung<\/h1>\t\t<\/div>\n\t\t\t\t<\/div>\n\t\t\t\t<div class=\"elementor-element elementor-element-5a68a16 elementor-widget__width-inherit elementor-widget elementor-widget-text-editor\" data-id=\"5a68a16\" data-element_type=\"widget\" data-widget_type=\"text-editor.default\">\n\t\t\t\t<div class=\"elementor-widget-container\">\n\t\t\t\t\t\t\t<p>Die Daten werden zum Zweck der Bearbeitung der Anfrage und im Zuge dessen zur Kontaktaufnahme mit Ihnen verwendet.<\/p>\t\t\t\t\t\t<\/div>\n\t\t\t\t<\/div>\n\t\t\t\t<div class=\"elementor-element elementor-element-414aaa1 elementor-widget__width-inherit elementor-widget elementor-widget-heading\" data-id=\"414aaa1\" data-element_type=\"widget\" data-widget_type=\"heading.default\">\n\t\t\t\t<div class=\"elementor-widget-container\">\n\t\t\t<h1 class=\"elementor-heading-title elementor-size-default\">Rechtsgrundlage<\/h1>\t\t<\/div>\n\t\t\t\t<\/div>\n\t\t\t\t<div class=\"elementor-element elementor-element-2be7c41 elementor-widget__width-inherit elementor-widget elementor-widget-text-editor\" data-id=\"2be7c41\" data-element_type=\"widget\" data-widget_type=\"text-editor.default\">\n\t\t\t\t<div class=\"elementor-widget-container\">\n\t\t\t\t\t\t\t<p>Rechtsgrundlage f\u00fcr die Verarbeitung der Daten ist gem Art 6 Abs 1 lit f DSGVO das berechtigte Interesse bzw. teilweise als vorvertragliche Ma\u00dfnahme gem Art 6 Abs 1 lit b DSGVO.<\/p>\t\t\t\t\t\t<\/div>\n\t\t\t\t<\/div>\n\t\t\t\t<div class=\"elementor-element elementor-element-8d8dfb2 elementor-widget__width-inherit elementor-widget elementor-widget-heading\" data-id=\"8d8dfb2\" data-element_type=\"widget\" data-widget_type=\"heading.default\">\n\t\t\t\t<div class=\"elementor-widget-container\">\n\t\t\t<h1 class=\"elementor-heading-title elementor-size-default\">Speicherdauer<\/h1>\t\t<\/div>\n\t\t\t\t<\/div>\n\t\t\t\t<div class=\"elementor-element elementor-element-e0c247e elementor-widget__width-inherit elementor-widget elementor-widget-text-editor\" data-id=\"e0c247e\" data-element_type=\"widget\" data-widget_type=\"text-editor.default\">\n\t\t\t\t<div class=\"elementor-widget-container\">\n\t\t\t\t\t\t\t<p>Die Daten werden bis zur Abwicklung Ihrer Anfrage und f\u00fcr den Fall von Anschlussfragen 3 Monate bei uns gespeichert.<\/p><p>Aufbewahrungsdauer zustimmen. Schlie\u00dfen wir mit Ihnen einen Arbeitsvertrag ab, werden die erhobenen Daten unter Beachtung der gesetzlichen Vorgaben des Datenschutzes in der Personalakte sowie zur Abwicklung der Lohn- und Gehaltsabrechnung von uns gespeichert.<\/p>\t\t\t\t\t\t<\/div>\n\t\t\t\t<\/div>\n\t\t\t\t<div class=\"elementor-element elementor-element-999b470 elementor-widget__width-inherit elementor-widget elementor-widget-heading\" data-id=\"999b470\" data-element_type=\"widget\" data-widget_type=\"heading.default\">\n\t\t\t\t<div class=\"elementor-widget-container\">\n\t\t\t<h1 class=\"elementor-heading-title elementor-size-default\">Cookies<\/h1>\t\t<\/div>\n\t\t\t\t<\/div>\n\t\t\t\t<div class=\"elementor-element elementor-element-a450cee elementor-widget__width-inherit elementor-widget elementor-widget-text-editor\" data-id=\"a450cee\" data-element_type=\"widget\" data-widget_type=\"text-editor.default\">\n\t\t\t\t<div class=\"elementor-widget-container\">\n\t\t\t\t\t\t\t<p>Unsere Website verwendet so genannte Cookies. Dabei handelt es sich um kleine Textdateien, die mit Hilfe des Browsers auf ihrem Endger\u00e4t abgelegt werden. Sie richten keinen Schaden an, sondern dienen dazu, dass unsere Webserver Ihren Computer wiedererkennen und Ihnen die Navigation und die Usability unserer Website erleichtert.<\/p>\t\t\t\t\t\t<\/div>\n\t\t\t\t<\/div>\n\t\t\t\t<div class=\"elementor-element elementor-element-6b657b2 elementor-widget__width-inherit elementor-widget elementor-widget-heading\" data-id=\"6b657b2\" data-element_type=\"widget\" data-widget_type=\"heading.default\">\n\t\t\t\t<div class=\"elementor-widget-container\">\n\t\t\t<h1 class=\"elementor-heading-title elementor-size-default\">Zweck<\/h1>\t\t<\/div>\n\t\t\t\t<\/div>\n\t\t\t\t<div class=\"elementor-element elementor-element-80b418d elementor-widget__width-inherit elementor-widget elementor-widget-text-editor\" data-id=\"80b418d\" data-element_type=\"widget\" data-widget_type=\"text-editor.default\">\n\t\t\t\t<div class=\"elementor-widget-container\">\n\t\t\t\t\t\t\t<p>Wir nutzen Cookies dazu, unser Angebot nutzerfreundlich zu gestalten.\u00a0<\/p>\t\t\t\t\t\t<\/div>\n\t\t\t\t<\/div>\n\t\t\t\t<div class=\"elementor-element elementor-element-41b0584 elementor-widget__width-inherit elementor-widget elementor-widget-heading\" data-id=\"41b0584\" data-element_type=\"widget\" data-widget_type=\"heading.default\">\n\t\t\t\t<div class=\"elementor-widget-container\">\n\t\t\t<h1 class=\"elementor-heading-title elementor-size-default\">Rechtsgrundlage<\/h1>\t\t<\/div>\n\t\t\t\t<\/div>\n\t\t\t\t<div class=\"elementor-element elementor-element-6a69bfa elementor-widget__width-inherit elementor-widget elementor-widget-text-editor\" data-id=\"6a69bfa\" data-element_type=\"widget\" data-widget_type=\"text-editor.default\">\n\t\t\t\t<div class=\"elementor-widget-container\">\n\t\t\t\t\t\t\t<p>Rechtsgrundlage f\u00fcr die Setzung technisch notwendiger Cookies ist das berechtigte Interesse (Art 6 Abs 1 lit f DSGVO), welches in der Aufrechterhaltung der Website-Funktionen liegt. Rechtsgrundlage f\u00fcr die Datenverarbeitung zu Marketing- und Staistikzwecken ist gem Art 6 Abs 1 lit a DSGVO Ihre Einwilligung (Best\u00e4tigung der Cookie-Banner). Ihre Einwilligung k\u00f6nnen Sie jederzeit mit Wirkung f\u00fcr die Zukunft widerrufen. Durch den Widerruf der Einwilligung wird die Rechtm\u00e4\u00dfigkeit der aufgrund der Einwilligung bis zum Widerruf erfolgten Verarbeitung nicht ber\u00fchrt.<\/p>\t\t\t\t\t\t<\/div>\n\t\t\t\t<\/div>\n\t\t\t\t<div class=\"elementor-element elementor-element-d2ed12e elementor-widget__width-inherit elementor-widget elementor-widget-heading\" data-id=\"d2ed12e\" data-element_type=\"widget\" data-widget_type=\"heading.default\">\n\t\t\t\t<div class=\"elementor-widget-container\">\n\t\t\t<h1 class=\"elementor-heading-title elementor-size-default\">Speicherdauer<\/h1>\t\t<\/div>\n\t\t\t\t<\/div>\n\t\t\t\t<div class=\"elementor-element elementor-element-114af6d elementor-widget__width-inherit elementor-widget elementor-widget-text-editor\" data-id=\"114af6d\" data-element_type=\"widget\" data-widget_type=\"text-editor.default\">\n\t\t\t\t<div class=\"elementor-widget-container\">\n\t\t\t\t\t\t\t<p>Informationen \u00fcber die Speicherdauer der Cookies finden Sie in unserem\u00a0Cookie-Hinweis.<\/p><p>Einige Cookies bleiben auf ihrem Endger\u00e4t gespeichert, bis Sie diese l\u00f6schen. Sie erm\u00f6glichen es uns, Ihren Browser beim n\u00e4chsten Besuch wiederzuerkennen. Wenn Sie dies nicht w\u00fcnschen, so k\u00f6nnen Sie Ihren Browser so einrichten, dass er Sie \u00fcber das Setzen von Cookies informiert und Sie dies nur im Einzelfall erlauben.\u00a0Sie k\u00f6nnen Cookies auch deaktivieren. Bei der Deaktivierung von Cookies kann die Funktionalit\u00e4t unserer Website eingeschr\u00e4nkt sein.<\/p><p>Weitere Informationen zu den auf dieser Website verwendeten Cookies finden Sie in unserem\u00a0Cookie-Hinweis.<\/p>\t\t\t\t\t\t<\/div>\n\t\t\t\t<\/div>\n\t\t\t\t<div class=\"elementor-element elementor-element-1188ab3 elementor-widget__width-inherit elementor-widget elementor-widget-heading\" data-id=\"1188ab3\" data-element_type=\"widget\" data-widget_type=\"heading.default\">\n\t\t\t\t<div class=\"elementor-widget-container\">\n\t\t\t<h1 class=\"elementor-heading-title elementor-size-default\">Datensicherheit <\/h1>\t\t<\/div>\n\t\t\t\t<\/div>\n\t\t\t\t<div class=\"elementor-element elementor-element-b66d159 elementor-widget__width-inherit elementor-widget elementor-widget-text-editor\" data-id=\"b66d159\" data-element_type=\"widget\" data-widget_type=\"text-editor.default\">\n\t\t\t\t<div class=\"elementor-widget-container\">\n\t\t\t\t\t\t\t<p>Die Lotus Logistik GmbH trifft Ma\u00dfnahmen eines angemessenen Schutzniveaus bei der Sicherheit der Verarbeitung der Datensicherheit i.S. von Art 25 und Art 32 DSGVO.<\/p>\t\t\t\t\t\t<\/div>\n\t\t\t\t<\/div>\n\t\t\t\t<div class=\"elementor-element elementor-element-ec93a1c elementor-widget__width-inherit elementor-widget elementor-widget-heading\" data-id=\"ec93a1c\" data-element_type=\"widget\" data-widget_type=\"heading.default\">\n\t\t\t\t<div class=\"elementor-widget-container\">\n\t\t\t<h1 class=\"elementor-heading-title elementor-size-default\">Rechte betroffener Personen <\/h1>\t\t<\/div>\n\t\t\t\t<\/div>\n\t\t\t\t<div class=\"elementor-element elementor-element-cb927cf elementor-widget__width-inherit elementor-widget elementor-widget-text-editor\" data-id=\"cb927cf\" data-element_type=\"widget\" data-widget_type=\"text-editor.default\">\n\t\t\t\t<div class=\"elementor-widget-container\">\n\t\t\t\t\t\t\t<p>Sie haben das Recht auf Auskunft (Art 15 DSGVO), Berichtigung (Art 16 DSGVO), L\u00f6schung (Art 17 DSGVO) und Einschr\u00e4nkung der Verarbeitung (Art 18 DSGVO) der personenbezogenen Daten sowie das Recht auf Daten\u00fcbertragung (Art 20 DSGVO).\u00a0<\/p><p>Zudem haben Sie das Recht auf Widerruf eventuell erteilter Einwilligungen (Art 7 DSGVO) \u00a0zur Verarbeitung Ihrer personenbezogenen Daten. Die Rechtm\u00e4\u00dfigkeit der Verarbeitung der personenbezogenen Daten bis zum Widerruf wird durch den Widerruf nicht ber\u00fchrt.<\/p><p>Sie haben das Recht auf Widerspruch gegen die Verarbeitung Ihrer personenbezogenen Daten (Art 21 DSGVO), die im Rahmen unserer Website verarbeitet werden.<\/p><p>Sie haben das Recht auf Beschwerde bei der Aufsichtsbeh\u00f6rde (\u00d6sterreichische Datenschutzbeh\u00f6rde, Wickenburggasse 8, 1080 Wien,\u00a0<a href=\"mailto:dsb@dsb.gv.at\">dsb@dsb.gv.at<\/a>).<\/p><p>Sie erreichen uns unter folgenden Kontaktdaten:<\/p><p><strong>Lotus Logistik GmbH<\/strong><\/p><p>Im Lagerfeld 11a<br \/>A-8430 Leibnitz<br \/><strong>Tel:<\/strong>\u00a0+43 (0) 676 601 4752\u00a0<br \/><strong>E-Mail:<\/strong>\u00a0<a href=\"mailto:info@lotus-log.at\">info@lotus-log.at<\/a><\/p>\t\t\t\t\t\t<\/div>\n\t\t\t\t<\/div>\n\t\t\t\t<\/div>\n\t\t\t\t<\/div>\n\t\t\t\t\t<\/div>\n\t\t\t\t<\/div>\n\t\t\t\t<\/div>","protected":false},"excerpt":{"rendered":"<p>Datenschutzhinweis In unserem Datenschutzhinweis informieren wir Sie \u00fcber die Verarbeitungst\u00e4tigkeiten Ihrer personenbezogenen Daten im Rahmen unserer Website. Verantwortlicher iSd Art 4 Z 7 DSGVO Verantwortlich f\u00fcr die Verarbeitung Ihrer personenbezogenen Daten auf unserer Website ist die Firma Lotus Logistik GmbH. Lotus Logistik GmbH Firmensitz: Im Lagerfeld 11a, A-8430 Leibnitz E-mail: info@lotus-log.at Tel:+43 (0) 676 601 [&hellip;]<\/p>","protected":false},"author":1,"featured_media":0,"parent":0,"menu_order":0,"comment_status":"closed","ping_status":"closed","template":"elementor_header_footer","meta":{"_seopress_robots_primary_cat":"","_seopress_titles_title":"","_seopress_titles_desc":"","_seopress_robots_index":"","footnotes":""},"class_list":["post-33825","page","type-page","status-publish","hentry","entry"],"_links":{"self":[{"href":"https:\/\/www.lotus-log.at\/en\/wp-json\/wp\/v2\/pages\/33825"}],"collection":[{"href":"https:\/\/www.lotus-log.at\/en\/wp-json\/wp\/v2\/pages"}],"about":[{"href":"https:\/\/www.lotus-log.at\/en\/wp-json\/wp\/v2\/types\/page"}],"author":[{"embeddable":true,"href":"https:\/\/www.lotus-log.at\/en\/wp-json\/wp\/v2\/users\/1"}],"replies":[{"embeddable":true,"href":"https:\/\/www.lotus-log.at\/en\/wp-json\/wp\/v2\/comments?post=33825"}],"version-history":[{"count":0,"href":"https:\/\/www.lotus-log.at\/en\/wp-json\/wp\/v2\/pages\/33825\/revisions"}],"wp:attachment":[{"href":"https:\/\/www.lotus-log.at\/en\/wp-json\/wp\/v2\/media?parent=33825"}],"curies":[{"name":"wp","href":"https:\/\/api.w.org\/{rel}","templated":true}]}}